{"id":10,"date":"2017-08-24T18:34:37","date_gmt":"2017-08-24T16:34:37","guid":{"rendered":"https:\/\/sup-instructor.ch\/mischa\/?page_id=10"},"modified":"2017-09-08T12:54:31","modified_gmt":"2017-09-08T10:54:31","slug":"privatstunden-anfragen","status":"publish","type":"page","link":"https:\/\/sup-instructor.ch\/mischa\/privatstunden-anfragen\/","title":{"rendered":"Privatstunden anfragen"},"content":{"rendered":"<p style=\"text-align: left;\">Du hast Interesse und m\u00f6chtest Privatstunden f\u00fcr Dich oder eine Gruppe buchen \/ anfragen? Dann benutze bitte das <a href=\"#Formular-Privatstunden\">Formular <\/a>unten. F\u00fcr alle anderen Anfragen kannst Du das <a href=\"https:\/\/sup-instructor.ch\/mischa\/kontakt\/\">Kontaktformular <\/a>benutzen.<\/p>\n<table width=\"406\">\n<tbody>\n<tr>\n<td width=\"88\"><strong>Richtpreise:<\/strong><\/td>\n<td width=\"98\">1 Person<\/td>\n<td width=\"110\">2 bis 3 Personen<\/td>\n<td width=\"110\">4 bis 6 Personen<\/td>\n<\/tr>\n<tr>\n<td>1 Stunde<\/td>\n<td>CHF 40 p.P.<\/td>\n<td>CHF 35 p.P.<\/td>\n<td>CHF 30 p.P.<\/td>\n<\/tr>\n<tr>\n<td>1\u00a0 \u00bd\u00a0 Stunden<\/td>\n<td>CHF 50 p.P.<\/td>\n<td>CHF 45 p.P.<\/td>\n<td>CHF 40 p.P.<\/td>\n<\/tr>\n<tr>\n<td>2 Stunden<\/td>\n<td>CHF 60 p.P.<\/td>\n<td>CHF 55 p.P.<\/td>\n<td>CHF 50 p.P.<\/td>\n<\/tr>\n<tr>\n<td>3 Stunden<\/td>\n<td>CHF 80 p.P.<\/td>\n<td>CHF 75 p.P.<\/td>\n<td>CHF 70 p.P.<\/td>\n<\/tr>\n<\/tbody>\n<\/table>\n<p><strong>Wichtige Hinweise:<\/strong><\/p>\n<ul>\n<li>Die angegebene Preise sind Richtpreise und k\u00f6nnen abh\u00e4ngig von Material und Ort variieren.<\/li>\n<li>SUP ist ein Outdoor- Sport und demzufolge wetterabh\u00e4ngig. Ich behalte mir das Recht vor, je nach Witterungsverh\u00e4ltnissen kurzfristig absagen zu k\u00f6nnen.<\/li>\n<li>Die Richtpreise verstehen sich ohne Material wie Board oder Paddel, frage doch einfach mal an, gerne organisiere ich ein passendes Board und Paddel f\u00fcr Dich.<\/li>\n<\/ul>\n<p><strong><a name=\"Formular-Privatstunden\"><\/a>Privatstunden anfragen:<\/strong><\/p>\n\n<div class=\"wpcf7 no-js\" id=\"wpcf7-f38-o1\" lang=\"de-DE\" dir=\"ltr\" data-wpcf7-id=\"38\">\n<div class=\"screen-reader-response\"><p role=\"status\" aria-live=\"polite\" aria-atomic=\"true\"><\/p> <ul><\/ul><\/div>\n<form action=\"\/mischa\/wp-json\/wp\/v2\/pages\/10#wpcf7-f38-o1\" method=\"post\" class=\"wpcf7-form init\" aria-label=\"Kontaktformular\" novalidate=\"novalidate\" data-status=\"init\">\n<fieldset class=\"hidden-fields-container\"><input type=\"hidden\" name=\"_wpcf7\" value=\"38\" \/><input type=\"hidden\" name=\"_wpcf7_version\" value=\"6.1.5\" \/><input type=\"hidden\" name=\"_wpcf7_locale\" value=\"de_DE\" \/><input type=\"hidden\" name=\"_wpcf7_unit_tag\" value=\"wpcf7-f38-o1\" \/><input type=\"hidden\" name=\"_wpcf7_container_post\" value=\"0\" \/><input type=\"hidden\" name=\"_wpcf7_posted_data_hash\" value=\"\" \/>\n<\/fieldset>\n<div class=\"wpcf7-turnstile cf-turnstile\" data-sitekey=\"0x4AAAAAAB4xn_CLjIEoEfJz\" data-response-field-name=\"_wpcf7_turnstile_response\"><\/div>\n\n<p>Vorname (Pflichtfeld)<br \/>\n<span class=\"wpcf7-form-control-wrap\" data-name=\"vorname\"><input size=\"40\" maxlength=\"400\" class=\"wpcf7-form-control wpcf7-text wpcf7-validates-as-required\" aria-required=\"true\" aria-invalid=\"false\" value=\"\" type=\"text\" name=\"vorname\" \/><\/span>\n<\/p>\n<p>Name (Pflichtfeld)<br \/>\n<span class=\"wpcf7-form-control-wrap\" data-name=\"nachname\"><input size=\"40\" maxlength=\"400\" class=\"wpcf7-form-control wpcf7-text wpcf7-validates-as-required\" aria-required=\"true\" aria-invalid=\"false\" value=\"\" type=\"text\" name=\"nachname\" \/><\/span>\n<\/p>\n<p>E-Mail-Adresse (Pflichtfeld)<br \/>\n<span class=\"wpcf7-form-control-wrap\" data-name=\"email\"><input size=\"40\" maxlength=\"400\" class=\"wpcf7-form-control wpcf7-email wpcf7-validates-as-required wpcf7-text wpcf7-validates-as-email\" aria-required=\"true\" aria-invalid=\"false\" value=\"\" type=\"email\" name=\"email\" \/><\/span>\n<\/p>\n<p>Telefonnummer (Pflichtfeld)<br \/>\n<span class=\"wpcf7-form-control-wrap\" data-name=\"telefon\"><input size=\"40\" maxlength=\"400\" class=\"wpcf7-form-control wpcf7-tel wpcf7-validates-as-required wpcf7-text wpcf7-validates-as-tel\" aria-required=\"true\" aria-invalid=\"false\" value=\"\" type=\"tel\" name=\"telefon\" \/><\/span>\n<\/p>\n<p>Datum (Pflichtfeld)<br \/>\n<span class=\"wpcf7-form-control-wrap\" data-name=\"datum\"><input class=\"wpcf7-form-control wpcf7-date wpcf7-validates-as-required wpcf7-validates-as-date\" aria-required=\"true\" aria-invalid=\"false\" value=\"\" type=\"date\" name=\"datum\" \/><\/span>\n<\/p>\n<p>Start (Pflichtfeld)<br \/>\n<span class=\"wpcf7-form-control-wrap\" data-name=\"start\"><input size=\"40\" maxlength=\"400\" class=\"wpcf7-form-control wpcf7-text wpcf7-validates-as-required\" aria-required=\"true\" aria-invalid=\"false\" value=\"14:00\" type=\"text\" name=\"start\" \/><\/span>\n<\/p>\n<p>Ende(Pflichtfeld)<br \/>\n<span class=\"wpcf7-form-control-wrap\" data-name=\"end\"><input size=\"40\" maxlength=\"400\" class=\"wpcf7-form-control wpcf7-text wpcf7-validates-as-required\" aria-required=\"true\" aria-invalid=\"false\" value=\"16:00\" type=\"text\" name=\"end\" \/><\/span>\n<\/p>\n<p>Ben\u00f6tigst Du ein Board und Paddel?<br \/>\n<span class=\"wpcf7-form-control-wrap\" data-name=\"board\"><span class=\"wpcf7-form-control wpcf7-radio\"><span class=\"wpcf7-list-item first\"><input type=\"radio\" name=\"board\" value=\"Ja\" checked=\"checked\" \/><span class=\"wpcf7-list-item-label\">Ja<\/span><\/span><span class=\"wpcf7-list-item last\"><input type=\"radio\" name=\"board\" value=\"Nein\" \/><span class=\"wpcf7-list-item-label\">Nein<\/span><\/span><\/span><\/span>\n<\/p>\n<p>Wo m\u00f6chtest Du gerne paddeln?<br \/>\n<span class=\"wpcf7-form-control-wrap\" data-name=\"ort\"><input size=\"40\" maxlength=\"400\" class=\"wpcf7-form-control wpcf7-text\" aria-invalid=\"false\" value=\"\" type=\"text\" name=\"ort\" \/><\/span>\n<\/p>\n<p>M\u00f6chtest Du mir noch etwas mitteilen?<br \/>\n<span class=\"wpcf7-form-control-wrap\" data-name=\"nachricht\"><textarea cols=\"40\" rows=\"10\" maxlength=\"2000\" class=\"wpcf7-form-control wpcf7-textarea\" aria-invalid=\"false\" name=\"nachricht\"><\/textarea><\/span>\n<\/p>\n<p><span class=\"wpcf7-form-control-wrap wpgdprc\"><span class=\"wpcf7-form-control wpcf7-wpgdprc wpcf7-validates-as-required\"><span class=\"wpcf7-list-item\"><input type=\"checkbox\" name=\"wpgdprc\" value=\"1\" aria-required=\"true\" aria-invalid=\"false\" \/><span class=\"wpcf7-list-item-label\">Mit der Nutzung dieses Formulars erkl\u00e4rst du dich mit der Speicherung und Verarbeitung deiner Daten durch diese Website einverstanden.<\/span><\/span><\/span>    <\/span>\n<\/p>\n<p><input class=\"wpcf7-form-control wpcf7-submit has-spinner\" type=\"submit\" value=\"Senden\" \/>\n<\/p><p style=\"display: none !important;\" class=\"akismet-fields-container\" data-prefix=\"_wpcf7_ak_\"><label>&#916;<textarea name=\"_wpcf7_ak_hp_textarea\" cols=\"45\" rows=\"8\" maxlength=\"100\"><\/textarea><\/label><input type=\"hidden\" id=\"ak_js_1\" name=\"_wpcf7_ak_js\" value=\"128\"\/><script>document.getElementById( \"ak_js_1\" ).setAttribute( \"value\", ( new Date() ).getTime() );<\/script><\/p><div class=\"wpcf7-response-output\" aria-hidden=\"true\"><\/div>\n<\/form>\n<\/div>\n\n<p><img data-recalc-dims=\"1\" loading=\"lazy\" decoding=\"async\" data-attachment-id=\"145\" data-permalink=\"https:\/\/sup-instructor.ch\/mischa\/privatstunden-anfragen\/naishcoreban_rund\/\" data-orig-file=\"https:\/\/i0.wp.com\/sup-instructor.ch\/mischa\/wp-content\/uploads\/sites\/2\/2017\/08\/NaishCoreban_Rund.jpg?fit=924%2C477&amp;ssl=1\" data-orig-size=\"924,477\" data-comments-opened=\"1\" data-image-meta=\"{&quot;aperture&quot;:&quot;0&quot;,&quot;credit&quot;:&quot;&quot;,&quot;camera&quot;:&quot;&quot;,&quot;caption&quot;:&quot;&quot;,&quot;created_timestamp&quot;:&quot;0&quot;,&quot;copyright&quot;:&quot;&quot;,&quot;focal_length&quot;:&quot;0&quot;,&quot;iso&quot;:&quot;0&quot;,&quot;shutter_speed&quot;:&quot;0&quot;,&quot;title&quot;:&quot;&quot;,&quot;orientation&quot;:&quot;0&quot;}\" data-image-title=\"NaishCoreban_Rund\" data-image-description=\"\" data-image-caption=\"\" data-medium-file=\"https:\/\/i0.wp.com\/sup-instructor.ch\/mischa\/wp-content\/uploads\/sites\/2\/2017\/08\/NaishCoreban_Rund.jpg?fit=300%2C155&amp;ssl=1\" data-large-file=\"https:\/\/i0.wp.com\/sup-instructor.ch\/mischa\/wp-content\/uploads\/sites\/2\/2017\/08\/NaishCoreban_Rund.jpg?fit=525%2C271&amp;ssl=1\" class=\"alignnone wp-image-145 size-full\" src=\"https:\/\/i0.wp.com\/sup-instructor.ch\/mischa\/wp-content\/uploads\/sites\/2\/2017\/08\/NaishCoreban_Rund.jpg?resize=525%2C271&#038;ssl=1\" alt=\"\" width=\"525\" height=\"271\" srcset=\"https:\/\/i0.wp.com\/sup-instructor.ch\/mischa\/wp-content\/uploads\/sites\/2\/2017\/08\/NaishCoreban_Rund.jpg?w=924&amp;ssl=1 924w, https:\/\/i0.wp.com\/sup-instructor.ch\/mischa\/wp-content\/uploads\/sites\/2\/2017\/08\/NaishCoreban_Rund.jpg?resize=300%2C155&amp;ssl=1 300w, https:\/\/i0.wp.com\/sup-instructor.ch\/mischa\/wp-content\/uploads\/sites\/2\/2017\/08\/NaishCoreban_Rund.jpg?resize=768%2C396&amp;ssl=1 768w\" sizes=\"auto, (max-width: 767px) 89vw, (max-width: 1000px) 54vw, (max-width: 1071px) 543px, 580px\" \/><\/p>\n","protected":false},"excerpt":{"rendered":"<p>Du hast Interesse und m\u00f6chtest Privatstunden f\u00fcr Dich oder eine Gruppe buchen \/ anfragen? Dann benutze bitte das Formular unten. F\u00fcr alle anderen Anfragen kannst Du das Kontaktformular benutzen. Richtpreise: 1 Person 2 bis 3 Personen 4 bis 6 Personen 1 Stunde CHF 40 p.P. CHF 35 p.P. CHF 30 p.P. 1\u00a0 \u00bd\u00a0 Stunden CHF &hellip; <\/p>\n<p class=\"link-more\"><a href=\"https:\/\/sup-instructor.ch\/mischa\/privatstunden-anfragen\/\" class=\"more-link\"><span class=\"screen-reader-text\">\u201ePrivatstunden anfragen\u201c <\/span>weiterlesen<\/a><\/p>\n","protected":false},"author":1,"featured_media":0,"parent":0,"menu_order":0,"comment_status":"closed","ping_status":"closed","template":"","meta":{"jetpack_post_was_ever_published":false,"footnotes":"","_links_to":"","_links_to_target":""},"class_list":["post-10","page","type-page","status-publish","hentry"],"jetpack_sharing_enabled":true,"jetpack_shortlink":"https:\/\/wp.me\/PaamT0-a","_links":{"self":[{"href":"https:\/\/sup-instructor.ch\/mischa\/wp-json\/wp\/v2\/pages\/10","targetHints":{"allow":["GET"]}}],"collection":[{"href":"https:\/\/sup-instructor.ch\/mischa\/wp-json\/wp\/v2\/pages"}],"about":[{"href":"https:\/\/sup-instructor.ch\/mischa\/wp-json\/wp\/v2\/types\/page"}],"author":[{"embeddable":true,"href":"https:\/\/sup-instructor.ch\/mischa\/wp-json\/wp\/v2\/users\/1"}],"replies":[{"embeddable":true,"href":"https:\/\/sup-instructor.ch\/mischa\/wp-json\/wp\/v2\/comments?post=10"}],"version-history":[{"count":32,"href":"https:\/\/sup-instructor.ch\/mischa\/wp-json\/wp\/v2\/pages\/10\/revisions"}],"predecessor-version":[{"id":146,"href":"https:\/\/sup-instructor.ch\/mischa\/wp-json\/wp\/v2\/pages\/10\/revisions\/146"}],"wp:attachment":[{"href":"https:\/\/sup-instructor.ch\/mischa\/wp-json\/wp\/v2\/media?parent=10"}],"curies":[{"name":"wp","href":"https:\/\/api.w.org\/{rel}","templated":true}]}}