{"id":40,"date":"2017-08-24T22:12:35","date_gmt":"2017-08-24T20:12:35","guid":{"rendered":"https:\/\/sup-instructor.ch\/mischa\/?page_id=40"},"modified":"2017-09-09T09:51:59","modified_gmt":"2017-09-09T07:51:59","slug":"startseite","status":"publish","type":"page","link":"https:\/\/sup-instructor.ch\/mischa\/","title":{"rendered":"Startseite"},"content":{"rendered":"<p><strong>Willkommen auf meiner Website!<\/strong><\/p>\n<p><strong>Mischa Walder<\/strong><br \/>\nSKV\/SWAV zertifizierter SUP- Instruktor<\/p>\n<p><img data-recalc-dims=\"1\" loading=\"lazy\" decoding=\"async\" data-attachment-id=\"58\" data-permalink=\"https:\/\/sup-instructor.ch\/mischa\/startseite\/gimp_011_invert_black2-2\/\" data-orig-file=\"https:\/\/i0.wp.com\/sup-instructor.ch\/mischa\/wp-content\/uploads\/sites\/2\/2017\/08\/Gimp_011_Invert_Black2-1.png?fit=2958%2C2734&amp;ssl=1\" data-orig-size=\"2958,2734\" data-comments-opened=\"1\" data-image-meta=\"{&quot;aperture&quot;:&quot;0&quot;,&quot;credit&quot;:&quot;&quot;,&quot;camera&quot;:&quot;&quot;,&quot;caption&quot;:&quot;&quot;,&quot;created_timestamp&quot;:&quot;0&quot;,&quot;copyright&quot;:&quot;&quot;,&quot;focal_length&quot;:&quot;0&quot;,&quot;iso&quot;:&quot;0&quot;,&quot;shutter_speed&quot;:&quot;0&quot;,&quot;title&quot;:&quot;&quot;,&quot;orientation&quot;:&quot;0&quot;}\" data-image-title=\"Gimp_011_Invert_Black2\" data-image-description=\"\" data-image-caption=\"\" data-medium-file=\"https:\/\/i0.wp.com\/sup-instructor.ch\/mischa\/wp-content\/uploads\/sites\/2\/2017\/08\/Gimp_011_Invert_Black2-1.png?fit=300%2C277&amp;ssl=1\" data-large-file=\"https:\/\/i0.wp.com\/sup-instructor.ch\/mischa\/wp-content\/uploads\/sites\/2\/2017\/08\/Gimp_011_Invert_Black2-1.png?fit=525%2C485&amp;ssl=1\" class=\"alignnone size-medium wp-image-58\" src=\"https:\/\/i0.wp.com\/sup-instructor.ch\/mischa\/wp-content\/uploads\/sites\/2\/2017\/08\/Gimp_011_Invert_Black2-1.png?resize=300%2C277&#038;ssl=1\" alt=\"\" width=\"300\" height=\"277\" srcset=\"https:\/\/i0.wp.com\/sup-instructor.ch\/mischa\/wp-content\/uploads\/sites\/2\/2017\/08\/Gimp_011_Invert_Black2-1.png?resize=300%2C277&amp;ssl=1 300w, https:\/\/i0.wp.com\/sup-instructor.ch\/mischa\/wp-content\/uploads\/sites\/2\/2017\/08\/Gimp_011_Invert_Black2-1.png?resize=768%2C710&amp;ssl=1 768w, https:\/\/i0.wp.com\/sup-instructor.ch\/mischa\/wp-content\/uploads\/sites\/2\/2017\/08\/Gimp_011_Invert_Black2-1.png?resize=1024%2C946&amp;ssl=1 1024w, https:\/\/i0.wp.com\/sup-instructor.ch\/mischa\/wp-content\/uploads\/sites\/2\/2017\/08\/Gimp_011_Invert_Black2-1.png?w=1575&amp;ssl=1 1575w\" sizes=\"auto, (max-width: 300px) 100vw, 300px\" \/><\/p>\n<p>Du bist noch nie auf einem SUP gestanden und m\u00f6chtest es gerne ausprobieren?<\/p>\n<p>Du hast bereits SUP Erfahrungen und m\u00f6chtest mehr \u00fcber Paddel und Wende- Techniken lernen?<\/p>\n<p>Dann bist Du bei mir genau richtig!<\/p>\n<ul>\n<li>SUP \u2013 Privatlektionen, Anf\u00e4nger bis Fortgeschritten<\/li>\n<li>SUP \u2013 Gruppenlektionen, Anf\u00e4nger bis Fortgeschritten<\/li>\n<li>SUP \u2013 Touren<\/li>\n<li>SUP \u2013 Kaufberatungen<\/li>\n<\/ul>\n<p><img data-recalc-dims=\"1\" loading=\"lazy\" decoding=\"async\" data-attachment-id=\"158\" data-permalink=\"https:\/\/sup-instructor.ch\/mischa\/startseite\/qb_404_rund\/\" data-orig-file=\"https:\/\/i0.wp.com\/sup-instructor.ch\/mischa\/wp-content\/uploads\/sites\/2\/2017\/08\/QB_404_Rund.jpg?fit=800%2C598&amp;ssl=1\" data-orig-size=\"800,598\" data-comments-opened=\"1\" data-image-meta=\"{&quot;aperture&quot;:&quot;0&quot;,&quot;credit&quot;:&quot;&quot;,&quot;camera&quot;:&quot;&quot;,&quot;caption&quot;:&quot;&quot;,&quot;created_timestamp&quot;:&quot;0&quot;,&quot;copyright&quot;:&quot;&quot;,&quot;focal_length&quot;:&quot;0&quot;,&quot;iso&quot;:&quot;0&quot;,&quot;shutter_speed&quot;:&quot;0&quot;,&quot;title&quot;:&quot;&quot;,&quot;orientation&quot;:&quot;0&quot;}\" data-image-title=\"QB_404_Rund\" data-image-description=\"\" data-image-caption=\"\" data-medium-file=\"https:\/\/i0.wp.com\/sup-instructor.ch\/mischa\/wp-content\/uploads\/sites\/2\/2017\/08\/QB_404_Rund.jpg?fit=300%2C224&amp;ssl=1\" data-large-file=\"https:\/\/i0.wp.com\/sup-instructor.ch\/mischa\/wp-content\/uploads\/sites\/2\/2017\/08\/QB_404_Rund.jpg?fit=525%2C392&amp;ssl=1\" class=\"alignnone wp-image-158 size-full\" src=\"https:\/\/i0.wp.com\/sup-instructor.ch\/mischa\/wp-content\/uploads\/sites\/2\/2017\/08\/QB_404_Rund.jpg?resize=525%2C392&#038;ssl=1\" alt=\"\" width=\"525\" height=\"392\" srcset=\"https:\/\/i0.wp.com\/sup-instructor.ch\/mischa\/wp-content\/uploads\/sites\/2\/2017\/08\/QB_404_Rund.jpg?w=800&amp;ssl=1 800w, https:\/\/i0.wp.com\/sup-instructor.ch\/mischa\/wp-content\/uploads\/sites\/2\/2017\/08\/QB_404_Rund.jpg?resize=300%2C224&amp;ssl=1 300w, https:\/\/i0.wp.com\/sup-instructor.ch\/mischa\/wp-content\/uploads\/sites\/2\/2017\/08\/QB_404_Rund.jpg?resize=768%2C574&amp;ssl=1 768w\" sizes=\"auto, (max-width: 767px) 89vw, (max-width: 1000px) 54vw, (max-width: 1071px) 543px, 580px\" \/><\/p>\n","protected":false},"excerpt":{"rendered":"<p>Willkommen auf meiner Website! Mischa Walder SKV\/SWAV zertifizierter SUP- Instruktor Du bist noch nie auf einem SUP gestanden und m\u00f6chtest es gerne ausprobieren? Du hast bereits SUP Erfahrungen und m\u00f6chtest mehr \u00fcber Paddel und Wende- Techniken lernen? Dann bist Du bei mir genau richtig! SUP \u2013 Privatlektionen, Anf\u00e4nger bis Fortgeschritten SUP \u2013 Gruppenlektionen, Anf\u00e4nger bis &hellip; <\/p>\n<p class=\"link-more\"><a href=\"https:\/\/sup-instructor.ch\/mischa\/\" class=\"more-link\"><span class=\"screen-reader-text\">\u201eStartseite\u201c <\/span>weiterlesen<\/a><\/p>\n","protected":false},"author":1,"featured_media":0,"parent":0,"menu_order":0,"comment_status":"closed","ping_status":"closed","template":"","meta":{"jetpack_post_was_ever_published":false,"footnotes":"","_links_to":"","_links_to_target":""},"class_list":["post-40","page","type-page","status-publish","hentry"],"jetpack_sharing_enabled":true,"jetpack_shortlink":"https:\/\/wp.me\/PaamT0-E","_links":{"self":[{"href":"https:\/\/sup-instructor.ch\/mischa\/wp-json\/wp\/v2\/pages\/40","targetHints":{"allow":["GET"]}}],"collection":[{"href":"https:\/\/sup-instructor.ch\/mischa\/wp-json\/wp\/v2\/pages"}],"about":[{"href":"https:\/\/sup-instructor.ch\/mischa\/wp-json\/wp\/v2\/types\/page"}],"author":[{"embeddable":true,"href":"https:\/\/sup-instructor.ch\/mischa\/wp-json\/wp\/v2\/users\/1"}],"replies":[{"embeddable":true,"href":"https:\/\/sup-instructor.ch\/mischa\/wp-json\/wp\/v2\/comments?post=40"}],"version-history":[{"count":11,"href":"https:\/\/sup-instructor.ch\/mischa\/wp-json\/wp\/v2\/pages\/40\/revisions"}],"predecessor-version":[{"id":159,"href":"https:\/\/sup-instructor.ch\/mischa\/wp-json\/wp\/v2\/pages\/40\/revisions\/159"}],"wp:attachment":[{"href":"https:\/\/sup-instructor.ch\/mischa\/wp-json\/wp\/v2\/media?parent=40"}],"curies":[{"name":"wp","href":"https:\/\/api.w.org\/{rel}","templated":true}]}}