{"id":43,"date":"2017-08-24T22:13:41","date_gmt":"2017-08-24T20:13:41","guid":{"rendered":"https:\/\/sup-instructor.ch\/mischa\/?page_id=43"},"modified":"2019-02-16T12:03:12","modified_gmt":"2019-02-16T11:03:12","slug":"impressum-rechtliche-hinweise-copyright","status":"publish","type":"page","link":"https:\/\/sup-instructor.ch\/mischa\/impressum-rechtliche-hinweise-copyright\/","title":{"rendered":"Impressum, Rechtliche Hinweise und Copyright"},"content":{"rendered":"<div class=\"art-PostContent\">\n<p><strong>Impressum, Rechtliche Hinweise und Copyright<\/strong><\/p>\n<p><strong>Impressum<\/strong><\/p>\n<p><strong>Das ist eine private Webseite von:<\/strong><\/p>\n<p><a href=\"https:\/\/sup-instructor.ch\/mischa\/kontakt\/\"><img data-recalc-dims=\"1\" loading=\"lazy\" decoding=\"async\" data-attachment-id=\"93\" data-permalink=\"https:\/\/sup-instructor.ch\/mischa\/impressum-rechtliche-hinweise-copyright\/kontakt-2\/\" data-orig-file=\"https:\/\/i0.wp.com\/sup-instructor.ch\/mischa\/wp-content\/uploads\/sites\/2\/2017\/08\/Kontakt.jpg?fit=311%2C103&amp;ssl=1\" data-orig-size=\"311,103\" data-comments-opened=\"1\" data-image-meta=\"{&quot;aperture&quot;:&quot;0&quot;,&quot;credit&quot;:&quot;&quot;,&quot;camera&quot;:&quot;&quot;,&quot;caption&quot;:&quot;&quot;,&quot;created_timestamp&quot;:&quot;0&quot;,&quot;copyright&quot;:&quot;&quot;,&quot;focal_length&quot;:&quot;0&quot;,&quot;iso&quot;:&quot;0&quot;,&quot;shutter_speed&quot;:&quot;0&quot;,&quot;title&quot;:&quot;&quot;,&quot;orientation&quot;:&quot;0&quot;}\" data-image-title=\"Kontakt\" data-image-description=\"\" data-image-caption=\"\" data-medium-file=\"https:\/\/i0.wp.com\/sup-instructor.ch\/mischa\/wp-content\/uploads\/sites\/2\/2017\/08\/Kontakt.jpg?fit=300%2C99&amp;ssl=1\" data-large-file=\"https:\/\/i0.wp.com\/sup-instructor.ch\/mischa\/wp-content\/uploads\/sites\/2\/2017\/08\/Kontakt.jpg?fit=311%2C103&amp;ssl=1\" class=\"alignnone wp-image-93 size-full\" src=\"https:\/\/i0.wp.com\/sup-instructor.ch\/mischa\/wp-content\/uploads\/sites\/2\/2017\/08\/Kontakt.jpg?resize=311%2C103&#038;ssl=1\" alt=\"\" width=\"311\" height=\"103\" srcset=\"https:\/\/i0.wp.com\/sup-instructor.ch\/mischa\/wp-content\/uploads\/sites\/2\/2017\/08\/Kontakt.jpg?w=311&amp;ssl=1 311w, https:\/\/i0.wp.com\/sup-instructor.ch\/mischa\/wp-content\/uploads\/sites\/2\/2017\/08\/Kontakt.jpg?resize=300%2C99&amp;ssl=1 300w\" sizes=\"auto, (max-width: 311px) 100vw, 311px\" \/><\/a><\/p>\n<p><strong>Rechtliche Hinweise<\/strong><\/p>\n<p>Die auf dieser privaten Webseite gemachten Aussagen entsprechen der Meinung der Autoren und k\u00f6nnen somit von Aussagen offizieller Quellen abweichen. F\u00fcr die Inhalte von Gastbeitr\u00e4gen und Kommentaren sind die jeweiligen Autoren verantwortlich. Alle diese Beitr\u00e4ge werden gepr\u00fcft und ggf. nicht bzw. nur nach R\u00fccksprache ver\u00f6ffentlicht. F\u00fcr die auf dieser Seite enthaltenen Links zu Websites von Dritten k\u00f6nnen wir keine Verantwortung \u00fcbernehmen. Das Klicken eines Links erfolgt auf eigene Verantwortung.<\/p>\n<p><strong>Copyright<\/strong><\/p>\n<p>Grunds\u00e4tzlich unterliegen alle Texte, Bilder, Grafiken, Ton-, Video- und Animationsdateien sowie ihre Anordnung dem Urheberrecht und anderen Gesetzen zum Schutz geistigen Eigentums. Sie d\u00fcrfen weder f\u00fcr Handelszwecke oder zur Weitergabe kopiert, noch ver\u00e4ndert und auf anderen Web-Sites verwendet werden. Die auf diesen Webseiten enthaltenen Informationen k\u00f6nnen dem Urheberrecht Dritter unterliegen. Wenn Sie sich in einer \u00e4hnlichen Lage befinden und Interesse an Texte, Bilder, Grafiken, Ton-, Video- und Animationsdateien haben, kontaktieren Sie uns. Gegebenenfalls k\u00f6nnen wir Ihnen weiterhelfen.<\/p>\n<p><strong>Wir bem\u00fchen uns die Richtigkeit dieser Webseite zu gew\u00e4hrleisten, \u00fcbernehmen aber keine Garantie f\u00fcr die Genauigkeit, Zuverl\u00e4ssigkeit und Vollst\u00e4ndigkeit.<\/strong><\/p>\n<p><strong>Feedbacks sind gerne willkommen. <\/strong><strong>Bitte das <u><a href=\"https:\/\/sup-instructor.ch\/mischa\/kontakt\/\">Kontaktformular<\/a><\/u> benutzen!<br \/>\nDanke!<\/strong><\/p>\n<\/div>\n","protected":false},"excerpt":{"rendered":"<p>Impressum, Rechtliche Hinweise und Copyright Impressum Das ist eine private Webseite von: Rechtliche Hinweise Die auf dieser privaten Webseite gemachten Aussagen entsprechen der Meinung der Autoren und k\u00f6nnen somit von Aussagen offizieller Quellen abweichen. F\u00fcr die Inhalte von Gastbeitr\u00e4gen und Kommentaren sind die jeweiligen Autoren verantwortlich. Alle diese Beitr\u00e4ge werden gepr\u00fcft und ggf. nicht bzw. &hellip; <\/p>\n<p class=\"link-more\"><a href=\"https:\/\/sup-instructor.ch\/mischa\/impressum-rechtliche-hinweise-copyright\/\" class=\"more-link\"><span class=\"screen-reader-text\">\u201eImpressum, Rechtliche Hinweise und Copyright\u201c <\/span>weiterlesen<\/a><\/p>\n","protected":false},"author":1,"featured_media":0,"parent":0,"menu_order":0,"comment_status":"closed","ping_status":"closed","template":"","meta":{"jetpack_post_was_ever_published":false,"footnotes":"","_links_to":"","_links_to_target":""},"class_list":["post-43","page","type-page","status-publish","hentry"],"jetpack_sharing_enabled":true,"jetpack_shortlink":"https:\/\/wp.me\/PaamT0-H","_links":{"self":[{"href":"https:\/\/sup-instructor.ch\/mischa\/wp-json\/wp\/v2\/pages\/43","targetHints":{"allow":["GET"]}}],"collection":[{"href":"https:\/\/sup-instructor.ch\/mischa\/wp-json\/wp\/v2\/pages"}],"about":[{"href":"https:\/\/sup-instructor.ch\/mischa\/wp-json\/wp\/v2\/types\/page"}],"author":[{"embeddable":true,"href":"https:\/\/sup-instructor.ch\/mischa\/wp-json\/wp\/v2\/users\/1"}],"replies":[{"embeddable":true,"href":"https:\/\/sup-instructor.ch\/mischa\/wp-json\/wp\/v2\/comments?post=43"}],"version-history":[{"count":12,"href":"https:\/\/sup-instructor.ch\/mischa\/wp-json\/wp\/v2\/pages\/43\/revisions"}],"predecessor-version":[{"id":230,"href":"https:\/\/sup-instructor.ch\/mischa\/wp-json\/wp\/v2\/pages\/43\/revisions\/230"}],"wp:attachment":[{"href":"https:\/\/sup-instructor.ch\/mischa\/wp-json\/wp\/v2\/media?parent=43"}],"curies":[{"name":"wp","href":"https:\/\/api.w.org\/{rel}","templated":true}]}}